{"id":26,"date":"2025-09-24T14:32:59","date_gmt":"2025-09-24T14:32:59","guid":{"rendered":"https:\/\/ortadogu.websitesunum.com.tr\/?page_id=26"},"modified":"2025-11-14T12:13:51","modified_gmt":"2025-11-14T12:13:51","slug":"ulasim","status":"publish","type":"page","link":"https:\/\/ortadogugidafuari.com\/en\/ulasim\/","title":{"rendered":"Transport"},"content":{"rendered":"<div class=\"wpb-content-wrapper\"><div id=\"ulasim\" class=\"vc_row wpb_row vc_row-fluid wd-rs-688b74522e2c9\"><div class=\"wpb_column vc_column_container vc_col-sm-12\"><div class=\"vc_column-inner\"><div class=\"wpb_wrapper\">\n\t\t<div id=\"wd-6888d4700a435\" class=\"wd-tabs wd-wpb wd-rs-6888d4700a435 tabs-design-simple\">\n\t\t\t<div class=\"wd-tabs-header text-center\">\n\t\t\t\t\n\t\t\t\t\n\t\t\t\t<div class=\"wd-nav-wrapper wd-nav-tabs-wrapper\">\n\t\t\t\t\t<ul class=\"wd-nav wd-nav-tabs wd-icon-pos-left wd-style-default font-primary wd-fontsize-m wd-font-weight-800\">\n\t\t\t\t\t\t\t\t\t\t\t\t\t\n\t\t\t\t\t\t\t<li>\n\t\t\t\t\t\t\t\t<a href=\"#\" class=\"wd-nav-link\">\n\t\t\t\t\t\t\t\t\t\t\t\t\t\t\t\t\t\t\t<span class=\"img-wrapper\"><i class=\"fa fa-solid fa-car-rear\"><\/i><\/span>\t\t\t\t\t\t\t\t\t\t\t\t\t\t\t\t\t\t<span class=\"nav-link-text wd-tabs-title\">\n\t\t\t\t\t\t\t\t\t\tSpecial Vehicle\t\t\t\t\t\t\t\t\t<\/span>\n\t\t\t\t\t\t\t\t<\/a>\n\t\t\t\t\t\t\t<\/li>\n\n\t\t\t\t\t\t\t\t\t\t\t\t\t\n\t\t\t\t\t\t\t<li>\n\t\t\t\t\t\t\t\t<a href=\"#\" class=\"wd-nav-link\">\n\t\t\t\t\t\t\t\t\t\t\t\t\t\t\t\t\t\t\t<span class=\"img-wrapper\"><i class=\"fa fa-solid fa-bus\"><\/i><\/span>\t\t\t\t\t\t\t\t\t\t\t\t\t\t\t\t\t\t<span class=\"nav-link-text wd-tabs-title\">\n\t\t\t\t\t\t\t\t\t\tPublic Transport\t\t\t\t\t\t\t\t\t<\/span>\n\t\t\t\t\t\t\t\t<\/a>\n\t\t\t\t\t\t\t<\/li>\n\n\t\t\t\t\t\t\t\t\t\t\t\t\t\n\t\t\t\t\t\t\t<li>\n\t\t\t\t\t\t\t\t<a href=\"#\" class=\"wd-nav-link\">\n\t\t\t\t\t\t\t\t\t\t\t\t\t\t\t\t\t\t\t<span class=\"img-wrapper\"><i class=\"fa fa-solid fa-plane-up\"><\/i><\/span>\t\t\t\t\t\t\t\t\t\t\t\t\t\t\t\t\t\t<span class=\"nav-link-text wd-tabs-title\">\n\t\t\t\t\t\t\t\t\t\tAirline\t\t\t\t\t\t\t\t\t<\/span>\n\t\t\t\t\t\t\t\t<\/a>\n\t\t\t\t\t\t\t<\/li>\n\n\t\t\t\t\t\t\t\t\t\t\t\t\t\n\t\t\t\t\t\t\t<li>\n\t\t\t\t\t\t\t\t<a href=\"#\" class=\"wd-nav-link\">\n\t\t\t\t\t\t\t\t\t\t\t\t\t\t\t\t\t\t\t<span class=\"img-wrapper\"><i class=\"fa fa-solid fa-train-subway\"><\/i><\/span>\t\t\t\t\t\t\t\t\t\t\t\t\t\t\t\t\t\t<span class=\"nav-link-text wd-tabs-title\">\n\t\t\t\t\t\t\t\t\t\tRailway\/Gaziray\t\t\t\t\t\t\t\t\t<\/span>\n\t\t\t\t\t\t\t\t<\/a>\n\t\t\t\t\t\t\t<\/li>\n\n\t\t\t\t\t\t\t\t\t\t\t\t\t\n\t\t\t\t\t\t\t<li>\n\t\t\t\t\t\t\t\t<a href=\"#\" class=\"wd-nav-link\">\n\t\t\t\t\t\t\t\t\t\t\t\t\t\t\t\t\t\t\t<span class=\"img-wrapper\"><i class=\"fa fa-solid fa-taxi\"><\/i><\/span>\t\t\t\t\t\t\t\t\t\t\t\t\t\t\t\t\t\t<span class=\"nav-link-text wd-tabs-title\">\n\t\t\t\t\t\t\t\t\t\tTaxi or Private Transfer\t\t\t\t\t\t\t\t\t<\/span>\n\t\t\t\t\t\t\t\t<\/a>\n\t\t\t\t\t\t\t<\/li>\n\n\t\t\t\t\t\t\n\t\t\t\t\t<\/ul>\n\t\t\t\t<\/div>\n\t\t\t<\/div>\n\n\t\t\t<div class=\"wd-tabs-content-wrapper\">\n\t\t\t\t\n\t\t<div class=\"wd-tab-content\">\n\t\t\t\t\t\t\t<div class=\"wd-entry-content\">\n\t\t\t\t\t- The Fairground is approximately 20-25 minutes from Gaziantep city centre.<br \/>\n- It can be reached by using the airport road or the ring road in the direction of the Organised Industrial Zone.<br \/>\n- Free car parking is available at the fairground.\t\t\t\t<\/div>\n\t\t\t\t\t<\/div>\n\n\t\t\n\t\t<div class=\"wd-tab-content\">\n\t\t\t\t\t\t\t<div class=\"wd-entry-content\">\n\t\t\t\t\t- There is limited direct bus service from the city centre to the fairground.<br \/>\n- The most practical method: Karata\u015f \/ Otogar direction buses to the nearest bus stop and continue with a short walk or taxi.<br \/>\n- For current line information: <a href=\"https:\/\/gaziantep.bel.tr\">gaziantep.bel.tr<\/a> or the Veterans Transport app.\t\t\t\t<\/div>\n\t\t\t\t\t<\/div>\n\n\t\t\n\t\t<div class=\"wd-tab-content\">\n\t\t\t\t\t\t\t<div class=\"wd-entry-content\">\n\t\t\t\t\t- It takes approximately 30 minutes from the airport to the fairgrounds.<br \/>\n- Taxi, car hire or private transfer is the fastest option.<br \/>\n- HAVA\u015e shuttles go to the city centre, from where you can take a taxi or bus to the fairground.\t\t\t\t<\/div>\n\t\t\t\t\t<\/div>\n\n\t\t\n\t\t<div class=\"wd-tab-content\">\n\t\t\t\t\t\t\t<div class=\"wd-entry-content\">\n\t\t\t\t\t- It is possible to reach the city centre and OIZ region by Gaziray.<br \/>\n- However, it is not possible to reach the fairground on foot from the station; a short taxi ride is required.\t\t\t\t<\/div>\n\t\t\t\t\t<\/div>\n\n\t\t\n\t\t<div class=\"wd-tab-content\">\n\t\t\t\t\t\t\t<div class=\"wd-entry-content\">\n\t\t\t\t\t- Taxi fare from the city centre to the fairground can be 300-400 TL on average.<br \/>\n- A taxi from the airport to the fairgrounds will cost approximately 700-900 TL.<br \/>\n- Fares may vary depending on traffic, night timetable and baggage.\t\t\t\t<\/div>\n\t\t\t\t\t<\/div>\n\n\t\t\t\t\t<\/div>\n\t\t<\/div>\n\n\t\t<\/div><\/div><\/div><\/div><div class=\"vc_row wpb_row vc_row-fluid\"><div class=\"wpb_column vc_column_container vc_col-sm-12\"><div class=\"vc_column-inner\"><div class=\"wpb_wrapper\">\t\t\t<div class=\"info-box-wrapper\">\n\t\t\t\t<div id=\"wd-68e3d45abb178\" class=\"wd-rs-68e3d45abb178 wd-info-box wd-wpb text-left box-icon-align-left box-style- color-scheme- wd-bg-none wd-items-middle\">\n\t\t\t\t\t\t\t\t\t\t\t<div class=\"box-icon-wrapper  box-with-icon box-icon-simple\">\n\t\t\t\t\t\t\t<div class=\"info-box-icon\">\n\n\t\t\t\t\t\t\t\n\t\t\t\t\t\t\t\t\t\t\t\t\t\t\t\t\t<div class=\"info-svg-wrapper\" style=\"width: 40px;height: 40px;\"><img decoding=\"async\"  src=\"https:\/\/ortadogugidafuari.com\/wp-content\/uploads\/2025\/10\/map-location-dot-solid.svg\" title=\"map-location-dot-solid\" loading=\"lazy\" width=\"40\" height=\"40\"><\/div>\t\t\t\t\t\t\t\t\t\t\t\t\t\t\t\n\t\t\t\t\t\t\t<\/div>\n\t\t\t\t\t\t<\/div>\n\t\t\t\t\t\t\t\t\t\t<div class=\"info-box-content\">\n\t\t\t\t\t\t<h4 class=\"info-box-title title box-title-style-default wd-fontsize-xl\">Gaziantep Middle East Fair Centre<\/h4>\t\t\t\t\t\t<div class=\"info-box-inner reset-last-child\"><\/div>\n\n\t\t\t\t\t\t\t\t\t\t\t<\/div>\n\n\t\t\t\t\t\n\t\t\t\t\t\t\t\t\t<\/div>\n\t\t\t<\/div>\n\t\t<\/div><\/div><\/div><\/div><div class=\"vc_row wpb_row vc_row-fluid\"><div class=\"wpb_column vc_column_container vc_col-sm-12\"><div class=\"vc_column-inner\"><div class=\"wpb_wrapper\">\n\t<div class=\"wpb_raw_code wpb_raw_html wpb_content_element\" >\n\t\t<div class=\"wpb_wrapper\">\n\t\t\t<iframe src=\"https:\/\/www.google.com\/maps\/embed?pb=!1m14!1m8!1m3!1d3179.98977662474!2d37.4108772!3d37.1529426!3m2!1i1024!2i768!4f13.1!3m3!1m2!1s0x1531e14f9c6d2d77%3A0x50e727a16a5f2832!2sGaziantep%20Ortado%C4%9Fu%20Fuar%20Merkezi!5e0!3m2!1str!2str!4v1759761478045!5m2!1str!2str\" width=\"100%\" height=\"450\" style=\"border:0;\" allowfullscreen=\"\" loading=\"lazy\" referrerpolicy=\"no-referrer-when-downgrade\"><\/iframe>\n\t\t<\/div>\n\t<\/div>\n<\/div><\/div><\/div><\/div>\n<\/div>","protected":false},"excerpt":{"rendered":"\u00d6zel Ara\u00e7 Toplu Ta\u015f\u0131ma Havayolu Demiryolu\/Gaziray Taksi veya \u00d6zel Transfer \u2022 Fuar Alan\u0131, Gaziantep \u015fehir merkezine yakla\u015f\u0131k 20\u201325 dakika mesafededir.","protected":false},"author":1,"featured_media":0,"parent":0,"menu_order":0,"comment_status":"closed","ping_status":"closed","template":"","meta":{"footnotes":""},"class_list":["post-26","page","type-page","status-publish","hentry"],"_links":{"self":[{"href":"https:\/\/ortadogugidafuari.com\/en\/wp-json\/wp\/v2\/pages\/26","targetHints":{"allow":["GET"]}}],"collection":[{"href":"https:\/\/ortadogugidafuari.com\/en\/wp-json\/wp\/v2\/pages"}],"about":[{"href":"https:\/\/ortadogugidafuari.com\/en\/wp-json\/wp\/v2\/types\/page"}],"author":[{"embeddable":true,"href":"https:\/\/ortadogugidafuari.com\/en\/wp-json\/wp\/v2\/users\/1"}],"replies":[{"embeddable":true,"href":"https:\/\/ortadogugidafuari.com\/en\/wp-json\/wp\/v2\/comments?post=26"}],"version-history":[{"count":5,"href":"https:\/\/ortadogugidafuari.com\/en\/wp-json\/wp\/v2\/pages\/26\/revisions"}],"predecessor-version":[{"id":191,"href":"https:\/\/ortadogugidafuari.com\/en\/wp-json\/wp\/v2\/pages\/26\/revisions\/191"}],"wp:attachment":[{"href":"https:\/\/ortadogugidafuari.com\/en\/wp-json\/wp\/v2\/media?parent=26"}],"curies":[{"name":"wp","href":"https:\/\/api.w.org\/{rel}","templated":true}]}}