{"id":26,"date":"2025-09-24T14:32:59","date_gmt":"2025-09-24T14:32:59","guid":{"rendered":"https:\/\/ortadogu.websitesunum.com.tr\/?page_id=26"},"modified":"2025-11-14T12:13:51","modified_gmt":"2025-11-14T12:13:51","slug":"ulasim","status":"publish","type":"page","link":"https:\/\/ortadogugidafuari.com\/es\/ulasim\/","title":{"rendered":"Transporte"},"content":{"rendered":"<div class=\"wpb-content-wrapper\"><div id=\"ulasim\" class=\"vc_row wpb_row vc_row-fluid wd-rs-688b74522e2c9\"><div class=\"wpb_column vc_column_container vc_col-sm-12\"><div class=\"vc_column-inner\"><div class=\"wpb_wrapper\">\n\t\t<div id=\"wd-6888d4700a435\" class=\"wd-tabs wd-wpb wd-rs-6888d4700a435 tabs-design-simple\">\n\t\t\t<div class=\"wd-tabs-header text-center\">\n\t\t\t\t\n\t\t\t\t\n\t\t\t\t<div class=\"wd-nav-wrapper wd-nav-tabs-wrapper\">\n\t\t\t\t\t<ul class=\"wd-nav wd-nav-tabs wd-icon-pos-left wd-style-default font-primary wd-fontsize-m wd-font-weight-800\">\n\t\t\t\t\t\t\t\t\t\t\t\t\t\n\t\t\t\t\t\t\t<li>\n\t\t\t\t\t\t\t\t<a href=\"#\" class=\"wd-nav-link\">\n\t\t\t\t\t\t\t\t\t\t\t\t\t\t\t\t\t\t\t<span class=\"img-wrapper\"><i class=\"fa fa-solid fa-car-rear\"><\/i><\/span>\t\t\t\t\t\t\t\t\t\t\t\t\t\t\t\t\t\t<span class=\"nav-link-text wd-tabs-title\">\n\t\t\t\t\t\t\t\t\t\tVeh\u00edculo especial\t\t\t\t\t\t\t\t\t<\/span>\n\t\t\t\t\t\t\t\t<\/a>\n\t\t\t\t\t\t\t<\/li>\n\n\t\t\t\t\t\t\t\t\t\t\t\t\t\n\t\t\t\t\t\t\t<li>\n\t\t\t\t\t\t\t\t<a href=\"#\" class=\"wd-nav-link\">\n\t\t\t\t\t\t\t\t\t\t\t\t\t\t\t\t\t\t\t<span class=\"img-wrapper\"><i class=\"fa fa-solid fa-bus\"><\/i><\/span>\t\t\t\t\t\t\t\t\t\t\t\t\t\t\t\t\t\t<span class=\"nav-link-text wd-tabs-title\">\n\t\t\t\t\t\t\t\t\t\tTransporte p\u00fablico\t\t\t\t\t\t\t\t\t<\/span>\n\t\t\t\t\t\t\t\t<\/a>\n\t\t\t\t\t\t\t<\/li>\n\n\t\t\t\t\t\t\t\t\t\t\t\t\t\n\t\t\t\t\t\t\t<li>\n\t\t\t\t\t\t\t\t<a href=\"#\" class=\"wd-nav-link\">\n\t\t\t\t\t\t\t\t\t\t\t\t\t\t\t\t\t\t\t<span class=\"img-wrapper\"><i class=\"fa fa-solid fa-plane-up\"><\/i><\/span>\t\t\t\t\t\t\t\t\t\t\t\t\t\t\t\t\t\t<span class=\"nav-link-text wd-tabs-title\">\n\t\t\t\t\t\t\t\t\t\tL\u00ednea a\u00e9rea\t\t\t\t\t\t\t\t\t<\/span>\n\t\t\t\t\t\t\t\t<\/a>\n\t\t\t\t\t\t\t<\/li>\n\n\t\t\t\t\t\t\t\t\t\t\t\t\t\n\t\t\t\t\t\t\t<li>\n\t\t\t\t\t\t\t\t<a href=\"#\" class=\"wd-nav-link\">\n\t\t\t\t\t\t\t\t\t\t\t\t\t\t\t\t\t\t\t<span class=\"img-wrapper\"><i class=\"fa fa-solid fa-train-subway\"><\/i><\/span>\t\t\t\t\t\t\t\t\t\t\t\t\t\t\t\t\t\t<span class=\"nav-link-text wd-tabs-title\">\n\t\t\t\t\t\t\t\t\t\tFerrocarril\/Gaziray\t\t\t\t\t\t\t\t\t<\/span>\n\t\t\t\t\t\t\t\t<\/a>\n\t\t\t\t\t\t\t<\/li>\n\n\t\t\t\t\t\t\t\t\t\t\t\t\t\n\t\t\t\t\t\t\t<li>\n\t\t\t\t\t\t\t\t<a href=\"#\" class=\"wd-nav-link\">\n\t\t\t\t\t\t\t\t\t\t\t\t\t\t\t\t\t\t\t<span class=\"img-wrapper\"><i class=\"fa fa-solid fa-taxi\"><\/i><\/span>\t\t\t\t\t\t\t\t\t\t\t\t\t\t\t\t\t\t<span class=\"nav-link-text wd-tabs-title\">\n\t\t\t\t\t\t\t\t\t\tTaxi o traslado privado\t\t\t\t\t\t\t\t\t<\/span>\n\t\t\t\t\t\t\t\t<\/a>\n\t\t\t\t\t\t\t<\/li>\n\n\t\t\t\t\t\t\n\t\t\t\t\t<\/ul>\n\t\t\t\t<\/div>\n\t\t\t<\/div>\n\n\t\t\t<div class=\"wd-tabs-content-wrapper\">\n\t\t\t\t\n\t\t<div class=\"wd-tab-content\">\n\t\t\t\t\t\t\t<div class=\"wd-entry-content\">\n\t\t\t\t\t- El recinto ferial est\u00e1 a unos 20-25 minutos del centro de Gaziantep.<br \/>\n- Se puede llegar por la carretera del aeropuerto o por la carretera de circunvalaci\u00f3n en direcci\u00f3n a la Zona Industrial Organizada.<br \/>\n- Hay aparcamiento gratuito en el recinto ferial.\t\t\t\t<\/div>\n\t\t\t\t\t<\/div>\n\n\t\t\n\t\t<div class=\"wd-tab-content\">\n\t\t\t\t\t\t\t<div class=\"wd-entry-content\">\n\t\t\t\t\t- Hay un servicio limitado de autobuses directos desde el centro de la ciudad hasta el recinto ferial.<br \/>\n- El m\u00e9todo m\u00e1s pr\u00e1ctico: Karata\u015f \/ Otogar autobuses de direcci\u00f3n a la parada de autob\u00fas m\u00e1s cercana y continuar con un corto paseo o taxi.<br \/>\n- Para obtener informaci\u00f3n actualizada sobre la l\u00ednea: <a href=\"https:\/\/gaziantep.bel.tr\">gaziantep.bel.tr<\/a> o la aplicaci\u00f3n Veterans Transport.\t\t\t\t<\/div>\n\t\t\t\t\t<\/div>\n\n\t\t\n\t\t<div class=\"wd-tab-content\">\n\t\t\t\t\t\t\t<div class=\"wd-entry-content\">\n\t\t\t\t\t- Desde el aeropuerto hasta el recinto ferial se tarda aproximadamente 30 minutos.<br \/>\n- La opci\u00f3n m\u00e1s r\u00e1pida es el taxi, el alquiler de coches o el traslado privado.<br \/>\n- Las lanzaderas de HAVA\u015e van al centro de la ciudad, desde donde se puede coger un taxi o un autob\u00fas hasta el recinto ferial.\t\t\t\t<\/div>\n\t\t\t\t\t<\/div>\n\n\t\t\n\t\t<div class=\"wd-tab-content\">\n\t\t\t\t\t\t\t<div class=\"wd-entry-content\">\n\t\t\t\t\t- Se puede llegar al centro de la ciudad y a la regi\u00f3n de OIZ por Gaziray.<br \/>\n- Sin embargo, no es posible llegar al recinto ferial a pie desde la estaci\u00f3n; es necesario un corto trayecto en taxi.\t\t\t\t<\/div>\n\t\t\t\t\t<\/div>\n\n\t\t\n\t\t<div class=\"wd-tab-content\">\n\t\t\t\t\t\t\t<div class=\"wd-entry-content\">\n\t\t\t\t\t- El trayecto en taxi desde el centro de la ciudad hasta el recinto ferial puede costar una media de 300-400 TL.<br \/>\n- Un taxi desde el aeropuerto hasta el recinto ferial costar\u00e1 aproximadamente 700-900 TL.<br \/>\n- Las tarifas pueden variar en funci\u00f3n del tr\u00e1fico, el horario nocturno y el equipaje.\t\t\t\t<\/div>\n\t\t\t\t\t<\/div>\n\n\t\t\t\t\t<\/div>\n\t\t<\/div>\n\n\t\t<\/div><\/div><\/div><\/div><div class=\"vc_row wpb_row vc_row-fluid\"><div class=\"wpb_column vc_column_container vc_col-sm-12\"><div class=\"vc_column-inner\"><div class=\"wpb_wrapper\">\t\t\t<div class=\"info-box-wrapper\">\n\t\t\t\t<div id=\"wd-68e3d45abb178\" class=\"wd-rs-68e3d45abb178 wd-info-box wd-wpb text-left box-icon-align-left box-style- color-scheme- wd-bg-none wd-items-middle\">\n\t\t\t\t\t\t\t\t\t\t\t<div class=\"box-icon-wrapper  box-with-icon box-icon-simple\">\n\t\t\t\t\t\t\t<div class=\"info-box-icon\">\n\n\t\t\t\t\t\t\t\n\t\t\t\t\t\t\t\t\t\t\t\t\t\t\t\t\t<div class=\"info-svg-wrapper\" style=\"width: 40px;height: 40px;\"><img decoding=\"async\"  src=\"https:\/\/ortadogugidafuari.com\/wp-content\/uploads\/2025\/10\/map-location-dot-solid.svg\" title=\"mapa-localizaci\u00f3n-punto-s\u00f3lido\" loading=\"lazy\" width=\"40\" height=\"40\"><\/div>\t\t\t\t\t\t\t\t\t\t\t\t\t\t\t\n\t\t\t\t\t\t\t<\/div>\n\t\t\t\t\t\t<\/div>\n\t\t\t\t\t\t\t\t\t\t<div class=\"info-box-content\">\n\t\t\t\t\t\t<h4 class=\"info-box-title title box-title-style-default wd-fontsize-xl\">Centro Ferial de Oriente Pr\u00f3ximo de Gaziantep<\/h4>\t\t\t\t\t\t<div class=\"info-box-inner reset-last-child\"><\/div>\n\n\t\t\t\t\t\t\t\t\t\t\t<\/div>\n\n\t\t\t\t\t\n\t\t\t\t\t\t\t\t\t<\/div>\n\t\t\t<\/div>\n\t\t<\/div><\/div><\/div><\/div><div class=\"vc_row wpb_row vc_row-fluid\"><div class=\"wpb_column vc_column_container vc_col-sm-12\"><div class=\"vc_column-inner\"><div class=\"wpb_wrapper\">\n\t<div class=\"wpb_raw_code wpb_raw_html wpb_content_element\" >\n\t\t<div class=\"wpb_wrapper\">\n\t\t\t<iframe src=\"https:\/\/www.google.com\/maps\/embed?pb=!1m14!1m8!1m3!1d3179.98977662474!2d37.4108772!3d37.1529426!3m2!1i1024!2i768!4f13.1!3m3!1m2!1s0x1531e14f9c6d2d77%3A0x50e727a16a5f2832!2sGaziantep%20Ortado%C4%9Fu%20Fuar%20Merkezi!5e0!3m2!1str!2str!4v1759761478045!5m2!1str!2str\" width=\"100%\" height=\"450\" style=\"border:0;\" allowfullscreen=\"\" loading=\"lazy\" referrerpolicy=\"no-referrer-when-downgrade\"><\/iframe>\n\t\t<\/div>\n\t<\/div>\n<\/div><\/div><\/div><\/div>\n<\/div>","protected":false},"excerpt":{"rendered":"\u00d6zel Ara\u00e7 Toplu Ta\u015f\u0131ma Havayolu Demiryolu\/Gaziray Taksi veya \u00d6zel Transfer \u2022 Fuar Alan\u0131, Gaziantep \u015fehir merkezine yakla\u015f\u0131k 20\u201325 dakika mesafededir.","protected":false},"author":1,"featured_media":0,"parent":0,"menu_order":0,"comment_status":"closed","ping_status":"closed","template":"","meta":{"footnotes":""},"class_list":["post-26","page","type-page","status-publish","hentry"],"_links":{"self":[{"href":"https:\/\/ortadogugidafuari.com\/es\/wp-json\/wp\/v2\/pages\/26","targetHints":{"allow":["GET"]}}],"collection":[{"href":"https:\/\/ortadogugidafuari.com\/es\/wp-json\/wp\/v2\/pages"}],"about":[{"href":"https:\/\/ortadogugidafuari.com\/es\/wp-json\/wp\/v2\/types\/page"}],"author":[{"embeddable":true,"href":"https:\/\/ortadogugidafuari.com\/es\/wp-json\/wp\/v2\/users\/1"}],"replies":[{"embeddable":true,"href":"https:\/\/ortadogugidafuari.com\/es\/wp-json\/wp\/v2\/comments?post=26"}],"version-history":[{"count":5,"href":"https:\/\/ortadogugidafuari.com\/es\/wp-json\/wp\/v2\/pages\/26\/revisions"}],"predecessor-version":[{"id":191,"href":"https:\/\/ortadogugidafuari.com\/es\/wp-json\/wp\/v2\/pages\/26\/revisions\/191"}],"wp:attachment":[{"href":"https:\/\/ortadogugidafuari.com\/es\/wp-json\/wp\/v2\/media?parent=26"}],"curies":[{"name":"wp","href":"https:\/\/api.w.org\/{rel}","templated":true}]}}